{"id":505150,"date":"2020-04-14T21:30:48","date_gmt":"2020-04-14T19:30:48","guid":{"rendered":"https:\/\/dia-test.aau.at\/it\/freizeit-und-kulturprogramm_it\/"},"modified":"2023-08-08T13:33:03","modified_gmt":"2023-08-08T11:33:03","slug":"programma-tempo-libero","status":"publish","type":"page","link":"https:\/\/dia.aau.at\/it\/programma-tempo-libero\/","title":{"rendered":"Other \u2013 Leisure Activities"},"content":{"rendered":"\n<style type=\"text\/css\" data-created_by=\"avia_inline_auto\" id=\"style-css-av-jsnfoctx-84eaef553f9502538410c6c3f57c96c0\">\n.avia-section.av-jsnfoctx-84eaef553f9502538410c6c3f57c96c0{\nbackground-repeat:no-repeat;\nbackground-image:url(https:\/\/dia.aau.at\/it\/wp-content\/uploads\/sites\/6\/2020\/07\/Titelbild-024-Edward-Gr\u00f6ger_K\u00e4rnten-Werbung-Medienarchiv-registrierter-Nutzer.jpg);\nbackground-position:50% 50%;\nbackground-attachment:fixed;\n}\n<\/style>\n<div id='av_section_1'  class='avia-section av-jsnfoctx-84eaef553f9502538410c6c3f57c96c0 main_color avia-section-default avia-no-border-styling  avia-builder-el-0  el_before_av_heading  avia-builder-el-first  avia-full-stretch avia-bg-style-fixed av-minimum-height av-minimum-height-50 av-height-50  container_wrap sidebar_right'  data-section-bg-repeat='stretch' data-av_minimum_height_pc='50' data-av_min_height_opt='50'><div class='container av-section-cont-open' ><main  role=\"main\" itemprop=\"mainContentOfPage\"  class='template-page content  av-content-small alpha units'><div class='post-entry post-entry-type-page post-entry-505150'><div class='entry-content-wrapper clearfix'><\/div><\/div><\/main><!-- close content main element --><\/div><\/div><div id='after_section_1'  class='main_color av_default_container_wrap container_wrap sidebar_right'  ><div class='container av-section-cont-open' ><div class='template-page content  av-content-small alpha units'><div class='post-entry post-entry-type-page post-entry-505150'><div class='entry-content-wrapper clearfix'>\n\n<style type=\"text\/css\" data-created_by=\"avia_inline_auto\" id=\"style-css-av-av_heading-3e212789395fad5d35fe78c6ef799591\">\n#top .av-special-heading.av-av_heading-3e212789395fad5d35fe78c6ef799591{\npadding-bottom:10px;\n}\nbody .av-special-heading.av-av_heading-3e212789395fad5d35fe78c6ef799591 .av-special-heading-tag .heading-char{\nfont-size:25px;\n}\n.av-special-heading.av-av_heading-3e212789395fad5d35fe78c6ef799591 .av-subheading{\nfont-size:12px;\n}\n\n@media only screen and (max-width: 479px){ \n#top #wrap_all .av-special-heading.av-av_heading-3e212789395fad5d35fe78c6ef799591 .av-special-heading-tag{\nfont-size:30px;\n}\n}\n<\/style>\n<div  class='av-special-heading av-av_heading-3e212789395fad5d35fe78c6ef799591 av-special-heading-h1 blockquote modern-quote  avia-builder-el-1  el_after_av_section  el_before_av_section  avia-builder-el-no-sibling  av-linked-heading'><h1 class='av-special-heading-tag '  itemprop=\"headline\"  >Programma per il tempo libero e la cultura<\/h1><div class='av-subheading av-subheading_below'><p>Programma di supporto durante i corsi estivi<\/p>\n<\/div><div class=\"special-heading-border\"><div class=\"special-heading-inner-border\"><\/div><\/div><\/div>\n<\/div><\/div><\/div><!-- close content main div --><\/div><\/div><div id='freizeit-und-kultur'  class='avia-section av-jsblsvav-2f2d686d91fac419a5da0f31318050d8 main_color avia-section-default avia-no-border-styling  avia-builder-el-2  el_after_av_heading  avia-builder-el-last  avia-bg-style-scroll container_wrap sidebar_right'  ><div class='container av-section-cont-open' ><div class='template-page content  av-content-small alpha units'><div class='post-entry post-entry-type-page post-entry-505150'><div class='entry-content-wrapper clearfix'>\n<section  class='av_textblock_section av-jrsx1awv-a700c590f410be426ea1a42b57fd5cf6 '   itemscope=\"itemscope\" itemtype=\"https:\/\/schema.org\/CreativeWork\" ><div class='avia_textblock'  itemprop=\"text\" ><p>Durante i corsi estivi il prezzo del corso include un <strong>ricco e vario programma per il tempo libero.<\/strong> L&#8217;assistenza dei coordinatori \u00e8 compresa nel costo del corso. Sono esclusi, tuttavia, i biglietti dell&#8217;autobus e i biglietti di entrata per le diverse manifestazioni, cos\u00ec come ogni altra spesa supplementare collegata al programma per il tempo libero. Naturalmente offriamo molte attivit\u00e0 del tutto gratuite. Qualora fosse necessario sostenere dei costi (ad es. i costi del bus di escursione), l\u2019importo totale verr\u00e0 diviso per il numero di partecipanti. Eventuali costi supplementari, legati ad attivit\u00e0 specifiche del programma, sono chiaramente indicati nei programmi per il tempo libero.<\/p>\n<p>La <strong>partecipazione<\/strong> alle attivit\u00e0 del tempo libero \u00e8 <strong>facoltativa, ma caldamente consigliata<\/strong>. Da notare infatti che le gite e gli spettacoli teatrali, trattati a parte a lezione, costituiscono parte integrante dell\u2019insegnamento della civilt\u00e0 e della cultura austriaca e ti consigliamo quindi di non perdere queste occasioni per conoscere il paese e la sua gente.<\/p>\n<p>Il primo giorno del corso (evento informativo), il nostro team di supervisori del tempo libero ti informer\u00e0 in dettaglio sul programma pianificato e sar\u00e0 a tua disposizione pi\u00f9 volte alla settimana per informazioni e assistenza varie (noleggio biciclette, consigli per le tue escursioni, ecc). Alcune attivit\u00e0 (come le gite del sabato) hanno luogo solo se viene raggiunto un\u00a0<strong>numero minimo di partecipanti<\/strong>. Pertanto ti preghiamo di registrarti direttamente con la squadra del tempo libero in tempo utile recandoti nel loro ufficio, idealmente durante l\u2019intervallo, dove potrai anche ritirare la tua mela gratuita ogni giorno.<\/p>\n<\/div><\/section>\n\n<style type=\"text\/css\" data-created_by=\"avia_inline_auto\" id=\"style-css-av-k84l70dk-e1c2b0ade631cad3e1ef58b0b87655da\">\n#top .hr.hr-invisible.av-k84l70dk-e1c2b0ade631cad3e1ef58b0b87655da{\nheight:50px;\n}\n<\/style>\n<div  class='hr av-k84l70dk-e1c2b0ade631cad3e1ef58b0b87655da hr-invisible  avia-builder-el-4  el_after_av_textblock  el_before_av_textblock '><span class='hr-inner '><span class=\"hr-inner-style\"><\/span><\/span><\/div>\n<section  class='av_textblock_section av-jrsx1awv-a700c590f410be426ea1a42b57fd5cf6 '   itemscope=\"itemscope\" itemtype=\"https:\/\/schema.org\/CreativeWork\" ><div class='avia_textblock'  itemprop=\"text\" ><p>Di seguito sono riportati alcuni esempi dell&#8217;offerta degli ultimi anni:<\/p>\n<\/div><\/section>\n<div class='flex_column_table av-9rxe7-c9558a8cf500492a7ac227a5fc623381 sc-av_one_fourth av-equal-height-column-flextable'>\n<style type=\"text\/css\" data-created_by=\"avia_inline_auto\" id=\"style-css-av-9rxe7-c9558a8cf500492a7ac227a5fc623381\">\n.flex_column.av-9rxe7-c9558a8cf500492a7ac227a5fc623381{\nborder-width:2px;\nborder-color:#ffffff;\nborder-style:solid;\nborder-radius:0px 0px 0px 0px;\npadding:20px 20px 20px 20px;\nbackground-color:#f8f8f8;\n}\n<\/style>\n<div  class='flex_column av-9rxe7-c9558a8cf500492a7ac227a5fc623381 av_one_fourth  avia-builder-el-6  el_after_av_textblock  el_before_av_one_fourth  first no_margin flex_column_table_cell av-equal-height-column av-align-top  column-top-margin'     ><section  class='av_textblock_section av-jyr0kzl3-0723ea2db858facc74c1f742dfa9d2ca '   itemscope=\"itemscope\" itemtype=\"https:\/\/schema.org\/CreativeWork\" ><div class='avia_textblock'  itemprop=\"text\" ><h3>Gite (sempre di sabato)<\/h3>\n<ul>\n<li>Laghi e castelli carinziani e la montagna carinziana<\/li>\n<li>Salisburgo &#8211; sulle tracce di Mozart<\/li>\n<li>Graz, Vienna<\/li>\n<li>Friuli e Venezia<\/li>\n<li>Ljubljana (Slovenia)<\/li>\n<\/ul>\n<\/div><\/section><\/div>\n<style type=\"text\/css\" data-created_by=\"avia_inline_auto\" id=\"style-css-av-9rxe7-67d4d028dbf5e6e4e507bf242fb91be3\">\n.flex_column.av-9rxe7-67d4d028dbf5e6e4e507bf242fb91be3{\nborder-width:2px;\nborder-color:#ffffff;\nborder-style:solid;\nborder-radius:0px 0px 0px 0px;\npadding:20px 20px 20px 20px;\nbackground-color:#f8f8f8;\n}\n<\/style>\n<div  class='flex_column av-9rxe7-67d4d028dbf5e6e4e507bf242fb91be3 av_one_fourth  avia-builder-el-8  el_after_av_one_fourth  el_before_av_one_fourth  no_margin flex_column_table_cell av-equal-height-column av-align-top  column-top-margin'     ><section  class='av_textblock_section av-jyr0l94k-ceabfd958ab1a449ea8fa7251f286840 '   itemscope=\"itemscope\" itemtype=\"https:\/\/schema.org\/CreativeWork\" ><div class='avia_textblock'  itemprop=\"text\" ><h3>Attivit\u00e0 sportive<\/h3>\n<ul>\n<li>Giorni di balneazione nei laghi della Carinzia<\/li>\n<li>Tiro con l&#8217;arco<\/li>\n<li>Escursioni in bicicletta<\/li>\n<li>Partite di calcio<\/li>\n<li>Kayak<\/li>\n<li>Stand-up-Paddling (SUP)<\/li>\n<li>Immersioni e snorkeling<\/li>\n<li>Tornei di ping-pong<\/li>\n<li>Regate di pedal\u00f2 sul W\u00f6rthersee<\/li>\n<li>Volleyball<\/li>\n<\/ul>\n<\/div><\/section><\/div>\n<style type=\"text\/css\" data-created_by=\"avia_inline_auto\" id=\"style-css-av-9rxe7-67d4d028dbf5e6e4e507bf242fb91be3\">\n.flex_column.av-9rxe7-67d4d028dbf5e6e4e507bf242fb91be3{\nborder-width:2px;\nborder-color:#ffffff;\nborder-style:solid;\nborder-radius:0px 0px 0px 0px;\npadding:20px 20px 20px 20px;\nbackground-color:#f8f8f8;\n}\n<\/style>\n<div  class='flex_column av-9rxe7-67d4d028dbf5e6e4e507bf242fb91be3 av_one_fourth  avia-builder-el-10  el_after_av_one_fourth  el_before_av_one_fourth  no_margin flex_column_table_cell av-equal-height-column av-align-top  column-top-margin'     ><section  class='av_textblock_section av-jyr0lh2g-ce5973791e768061cdfce9c4283fabf0 '   itemscope=\"itemscope\" itemtype=\"https:\/\/schema.org\/CreativeWork\" ><div class='avia_textblock'  itemprop=\"text\" ><h3>Attivit\u00e0 culturali<\/h3>\n<ul>\n<li>Workshop teatrale<\/li>\n<li>Visita al museo dello scrittore Robert Musil<\/li>\n<li>Rappresentazioni teatrali e concerti a seconda del calendario<\/li>\n<li>Cinema all&#8217;aperto<\/li>\n<li>Villacher Kirchtag (la festa folcloristica pi\u00f9 grande d\u2019Austria)<\/li>\n<li>La magia della citt\u00e0 vecchia (\u00abKlagenfurter Altstadtzauber\u00bb)<\/li>\n<li>Visita di mostre e gallerie<\/li>\n<\/ul>\n<\/div><\/section><\/div>\n<style type=\"text\/css\" data-created_by=\"avia_inline_auto\" id=\"style-css-av-9rxe7-67d4d028dbf5e6e4e507bf242fb91be3\">\n.flex_column.av-9rxe7-67d4d028dbf5e6e4e507bf242fb91be3{\nborder-width:2px;\nborder-color:#ffffff;\nborder-style:solid;\nborder-radius:0px 0px 0px 0px;\npadding:20px 20px 20px 20px;\nbackground-color:#f8f8f8;\n}\n<\/style>\n<div  class='flex_column av-9rxe7-67d4d028dbf5e6e4e507bf242fb91be3 av_one_fourth  avia-builder-el-12  el_after_av_one_fourth  avia-builder-el-last  no_margin flex_column_table_cell av-equal-height-column av-align-top  column-top-margin'     ><section  class='av_textblock_section av-jyr0lrzj-caea7e8766704f0897db43828ef38a9a '   itemscope=\"itemscope\" itemtype=\"https:\/\/schema.org\/CreativeWork\" ><div class='avia_textblock'  itemprop=\"text\" ><h3>Altre attivit\u00e0<\/h3>\n<ul>\n<li>Corso di pittura ad acquarello<\/li>\n<li>International Dinner: tutti i partecipanti preparano piatti tipici della loro nazione.<\/li>\n<li>Olimpiadi culinarie<\/li>\n<li>Feste durante e alla fine dei corsi estivi<\/li>\n<li>Giochi a quiz<\/li>\n<li>Visita guidata alla citt\u00e0 di Klagenfurt (il primo giorno del corso)<\/li>\n<\/ul>\n<\/div><\/section><\/div><\/div><!--close column table wrapper. Autoclose: 1 -->\n<\/div><\/div><\/div><!-- close content main div --><\/div><\/div><div id='after_section_2'  class='main_color av_default_container_wrap container_wrap sidebar_right'  ><div class='container av-section-cont-open' ><div class='template-page content  av-content-small alpha units'><div class='post-entry post-entry-type-page post-entry-505150'><div class='entry-content-wrapper clearfix'>\n","protected":false},"excerpt":{"rendered":"","protected":false},"author":3,"featured_media":0,"parent":0,"menu_order":0,"comment_status":"closed","ping_status":"closed","template":"","meta":{"footnotes":""},"class_list":["post-505150","page","type-page","status-publish","hentry"],"yoast_head":"<!-- This site is optimized with the Yoast SEO plugin v26.7 - https:\/\/yoast.com\/wordpress\/plugins\/seo\/ -->\n<title>Other \u2013 Leisure Activities - Deutsch in \u00d6sterreich - AAU (IT)<\/title>\n<meta name=\"robots\" content=\"index, follow, max-snippet:-1, max-image-preview:large, max-video-preview:-1\" \/>\n<link rel=\"canonical\" href=\"https:\/\/dia.aau.at\/it\/programma-tempo-libero\/\" \/>\n<meta property=\"og:locale\" content=\"it_IT\" \/>\n<meta property=\"og:type\" content=\"article\" \/>\n<meta property=\"og:title\" content=\"Other \u2013 Leisure Activities - Deutsch in \u00d6sterreich - AAU (IT)\" \/>\n<meta property=\"og:url\" content=\"https:\/\/dia.aau.at\/it\/programma-tempo-libero\/\" \/>\n<meta property=\"og:site_name\" content=\"Deutsch in \u00d6sterreich - AAU (IT)\" \/>\n<meta property=\"article:modified_time\" content=\"2023-08-08T11:33:03+00:00\" \/>\n<meta name=\"twitter:card\" content=\"summary_large_image\" \/>\n<meta name=\"twitter:label1\" content=\"Tempo di lettura stimato\" \/>\n\t<meta name=\"twitter:data1\" content=\"7 minuti\" \/>\n<script type=\"application\/ld+json\" class=\"yoast-schema-graph\">{\"@context\":\"https:\/\/schema.org\",\"@graph\":[{\"@type\":\"WebPage\",\"@id\":\"https:\/\/dia.aau.at\/it\/programma-tempo-libero\/\",\"url\":\"https:\/\/dia.aau.at\/it\/programma-tempo-libero\/\",\"name\":\"Other \u2013 Leisure Activities - Deutsch in \u00d6sterreich - AAU (IT)\",\"isPartOf\":{\"@id\":\"https:\/\/dia.aau.at\/it\/#website\"},\"datePublished\":\"2020-04-14T19:30:48+00:00\",\"dateModified\":\"2023-08-08T11:33:03+00:00\",\"breadcrumb\":{\"@id\":\"https:\/\/dia.aau.at\/it\/programma-tempo-libero\/#breadcrumb\"},\"inLanguage\":\"it-IT\",\"potentialAction\":[{\"@type\":\"ReadAction\",\"target\":[\"https:\/\/dia.aau.at\/it\/programma-tempo-libero\/\"]}]},{\"@type\":\"BreadcrumbList\",\"@id\":\"https:\/\/dia.aau.at\/it\/programma-tempo-libero\/#breadcrumb\",\"itemListElement\":[{\"@type\":\"ListItem\",\"position\":1,\"name\":\"Startseite\",\"item\":\"https:\/\/dia.aau.at\/it\/\"},{\"@type\":\"ListItem\",\"position\":2,\"name\":\"Other \u2013 Leisure Activities\"}]},{\"@type\":\"WebSite\",\"@id\":\"https:\/\/dia.aau.at\/it\/#website\",\"url\":\"https:\/\/dia.aau.at\/it\/\",\"name\":\"Deutsch in \u00d6sterreich - AAU (IT)\",\"description\":\"German and other languages at the University of Klagenfurt\",\"potentialAction\":[{\"@type\":\"SearchAction\",\"target\":{\"@type\":\"EntryPoint\",\"urlTemplate\":\"https:\/\/dia.aau.at\/it\/?s={search_term_string}\"},\"query-input\":{\"@type\":\"PropertyValueSpecification\",\"valueRequired\":true,\"valueName\":\"search_term_string\"}}],\"inLanguage\":\"it-IT\"}]}<\/script>\n<!-- \/ Yoast SEO plugin. -->","yoast_head_json":{"title":"Other \u2013 Leisure Activities - Deutsch in \u00d6sterreich - AAU (IT)","robots":{"index":"index","follow":"follow","max-snippet":"max-snippet:-1","max-image-preview":"max-image-preview:large","max-video-preview":"max-video-preview:-1"},"canonical":"https:\/\/dia.aau.at\/it\/programma-tempo-libero\/","og_locale":"it_IT","og_type":"article","og_title":"Other \u2013 Leisure Activities - Deutsch in \u00d6sterreich - AAU (IT)","og_url":"https:\/\/dia.aau.at\/it\/programma-tempo-libero\/","og_site_name":"Deutsch in \u00d6sterreich - AAU (IT)","article_modified_time":"2023-08-08T11:33:03+00:00","twitter_card":"summary_large_image","twitter_misc":{"Tempo di lettura stimato":"7 minuti"},"schema":{"@context":"https:\/\/schema.org","@graph":[{"@type":"WebPage","@id":"https:\/\/dia.aau.at\/it\/programma-tempo-libero\/","url":"https:\/\/dia.aau.at\/it\/programma-tempo-libero\/","name":"Other \u2013 Leisure Activities - Deutsch in \u00d6sterreich - AAU (IT)","isPartOf":{"@id":"https:\/\/dia.aau.at\/it\/#website"},"datePublished":"2020-04-14T19:30:48+00:00","dateModified":"2023-08-08T11:33:03+00:00","breadcrumb":{"@id":"https:\/\/dia.aau.at\/it\/programma-tempo-libero\/#breadcrumb"},"inLanguage":"it-IT","potentialAction":[{"@type":"ReadAction","target":["https:\/\/dia.aau.at\/it\/programma-tempo-libero\/"]}]},{"@type":"BreadcrumbList","@id":"https:\/\/dia.aau.at\/it\/programma-tempo-libero\/#breadcrumb","itemListElement":[{"@type":"ListItem","position":1,"name":"Startseite","item":"https:\/\/dia.aau.at\/it\/"},{"@type":"ListItem","position":2,"name":"Other \u2013 Leisure Activities"}]},{"@type":"WebSite","@id":"https:\/\/dia.aau.at\/it\/#website","url":"https:\/\/dia.aau.at\/it\/","name":"Deutsch in \u00d6sterreich - AAU (IT)","description":"German and other languages at the University of Klagenfurt","potentialAction":[{"@type":"SearchAction","target":{"@type":"EntryPoint","urlTemplate":"https:\/\/dia.aau.at\/it\/?s={search_term_string}"},"query-input":{"@type":"PropertyValueSpecification","valueRequired":true,"valueName":"search_term_string"}}],"inLanguage":"it-IT"}]}},"_links":{"self":[{"href":"https:\/\/dia.aau.at\/it\/wp-json\/wp\/v2\/pages\/505150","targetHints":{"allow":["GET"]}}],"collection":[{"href":"https:\/\/dia.aau.at\/it\/wp-json\/wp\/v2\/pages"}],"about":[{"href":"https:\/\/dia.aau.at\/it\/wp-json\/wp\/v2\/types\/page"}],"author":[{"embeddable":true,"href":"https:\/\/dia.aau.at\/it\/wp-json\/wp\/v2\/users\/3"}],"replies":[{"embeddable":true,"href":"https:\/\/dia.aau.at\/it\/wp-json\/wp\/v2\/comments?post=505150"}],"version-history":[{"count":13,"href":"https:\/\/dia.aau.at\/it\/wp-json\/wp\/v2\/pages\/505150\/revisions"}],"predecessor-version":[{"id":518751,"href":"https:\/\/dia.aau.at\/it\/wp-json\/wp\/v2\/pages\/505150\/revisions\/518751"}],"wp:attachment":[{"href":"https:\/\/dia.aau.at\/it\/wp-json\/wp\/v2\/media?parent=505150"}],"curies":[{"name":"wp","href":"https:\/\/api.w.org\/{rel}","templated":true}]}}