{"id":506506,"date":"2020-04-11T20:10:17","date_gmt":"2020-04-11T18:10:17","guid":{"rendered":"https:\/\/dia-test.aau.at\/it\/impressum\/"},"modified":"2022-11-18T10:51:11","modified_gmt":"2022-11-18T09:51:11","slug":"editoriale","status":"publish","type":"page","link":"https:\/\/dia.aau.at\/it\/editoriale\/","title":{"rendered":"Footer \u2013 About Us"},"content":{"rendered":"\n<style type=\"text\/css\" data-created_by=\"avia_inline_auto\" id=\"style-css-av-av_heading-f7785fd31052deb0515336898d88d2de\">\n#top .av-special-heading.av-av_heading-f7785fd31052deb0515336898d88d2de{\npadding-bottom:10px;\n}\nbody .av-special-heading.av-av_heading-f7785fd31052deb0515336898d88d2de .av-special-heading-tag .heading-char{\nfont-size:25px;\n}\n.av-special-heading.av-av_heading-f7785fd31052deb0515336898d88d2de .av-subheading{\nfont-size:15px;\n}\n<\/style>\n<div  class='av-special-heading av-av_heading-f7785fd31052deb0515336898d88d2de av-special-heading-h1 blockquote modern-quote  avia-builder-el-0  el_before_av_hr  avia-builder-el-first  av-linked-heading'><h1 class='av-special-heading-tag '  itemprop=\"headline\"  >Editoriale<\/h1><div class=\"special-heading-border\"><div class=\"special-heading-inner-border\"><\/div><\/div><\/div>\n\n<style type=\"text\/css\" data-created_by=\"avia_inline_auto\" id=\"style-css-av-jrud4s6g-a5f8783ac0922e22c16b1ce4de0a23c2\">\n#top .hr.hr-invisible.av-jrud4s6g-a5f8783ac0922e22c16b1ce4de0a23c2{\nheight:25px;\n}\n<\/style>\n<div  class='hr av-jrud4s6g-a5f8783ac0922e22c16b1ce4de0a23c2 hr-invisible  avia-builder-el-1  el_after_av_heading  el_before_av_two_third '><span class='hr-inner '><span class=\"hr-inner-style\"><\/span><\/span><\/div>\n\n<style type=\"text\/css\" data-created_by=\"avia_inline_auto\" id=\"style-css-av-f5v64-a4a800cd51fe7b3f20a57f79afe198ca\">\n.flex_column.av-f5v64-a4a800cd51fe7b3f20a57f79afe198ca{\nborder-radius:0px 0px 0px 0px;\npadding:0px 0px 0px 0px;\n}\n<\/style>\n<div  class='flex_column av-f5v64-a4a800cd51fe7b3f20a57f79afe198ca av_two_third  avia-builder-el-2  el_after_av_hr  el_before_av_one_third  first flex_column_div av-zero-column-padding  '     ><section  class='av_textblock_section av-jrud0dva-d3d1c714c1bf1e102746333cba03e6b8 '   itemscope=\"itemscope\" itemtype=\"https:\/\/schema.org\/CreativeWork\" ><div class='avia_textblock'  itemprop=\"text\" ><h3><strong>Deutsch in \u00d6sterreich. Verein f\u00fcr Fremdsprachenkurse<\/strong><\/h3>\n<p class=\"text\">Istituzione per l&#8217;istruzione post scolastica (cos\u00ec definita dalla legge federale austriaca &#8220;F\u00f6rderung der Erwachsenenbildung&#8221;, sezione 1, paragrafo 2)<\/p>\n<p class=\"text\">Universit\u00e4tsstra\u00dfe 65 \u2013 67<br \/>\n9020 Klagenfurt am W\u00f6rthersee, Austria<\/p>\n<p class=\"text\">email:\u00a0<a href=\"mailto:dia@aau.at\">dia@aau.at\u00a0\u00a0<\/a><br \/>\nTel: \u00a0(++43) 463 24180<br \/>\nFax: (++43) 463 24180 -3<\/p>\n<p class=\"text\">Delegato: Univ.-Prof. Dr. Primus-Heinz Kucher<br \/>\nGeneral Manager: Andrea Karoline Pirker<\/p>\n<p><strong>Certificato ISO 21001:<\/strong> <strong>20285193005776<\/strong><br \/>\n<b>Numero di iscrizione al registro delle imprese: 741325118<br \/>\nIdentificativo partita IVA: ATU-51775903<br \/>\n<strong>\u00d6NACE: P85.59-0<\/strong><\/b><br \/>\n<strong><span class=\"rpHighlightAllClass rpHighlightSubjectClass\" title=\"\" role=\"heading\">D-U-N-S\u00ae<\/span>: 300835801<\/strong><\/p>\n<p class=\"text\">L&#8217;idea e i contenuti delle pagine sono protetti da copyright ed hanno il solo fine informativo. Non ci si assume alcuna responsabilit\u00e0 per la correttezza di tali informazioni. Non \u00e8 permessa la copia in parte o in toto del sito senza averne esplicita approvazione. Il sito pu\u00f2 contenere collegamenti con altri siti totalmente indipendenti da noi. &#8220;Deutsch in \u00d6sterreich&#8221; non ha alcuna responsabilit\u00e0 per i contenuti o l&#8217;attendibilit\u00e0 dei siti raggiungibili per mezzo dei link.<\/p>\n<h4>Foto<\/h4>\n<ul>\n<li>\u00a9 Deutsch in \u00d6sterreich (S. Biazzo, G. Steinthaler, U. Zavodnik)<\/li>\n<li>\u00a9 \u00d6sterreichischer Integrationsfonds<\/li>\n<li>Photo Archive <a href=\"http:\/\/www.kaernten.at\">K\u00e4rnten Werbung<\/a><\/li>\n<li>Media Archive <a href=\"http:\/\/www.austriatourism.com\">\u00d6sterreich Werbung<\/a><\/li>\n<li><span lang=\"it\">Foto da altri siti Web come www.pexel.com e www.freepik.com<br \/>\n<\/span><\/li>\n<li>Universit\u00e0 di Klagenfurt \u00a9 uniklu\/schauer<\/li>\n<\/ul>\n<div id=\"c1231\" class=\"csc-default\">\n<div class=\"row\">\n<div class=\"col-md-9 \">\n<div id=\"c1235\" class=\"csc-default\">\n<div class=\"csc-textpic-text\">\n<h4>Tutela del marchio<\/h4>\n<p class=\"text\">Il marchio &#8220;Sprachenzentrum Deutsch in \u00d6sterreich&#8221; \u00e8 regolarmente registrato presso l&#8217;ufficio marchi e brevetti austriaco con il numero 276438.<\/p>\n<\/div>\n<\/div>\n<\/div>\n<\/div>\n<\/div>\n<div id=\"c3450\" class=\"csc-default\">\n<div class=\"csc-header csc-header-n1\">\n<h4 class=\"csc-firstHeader\">Design \/\/ Programmazione Web<\/h4>\n<\/div>\n<p class=\"text\"><a href=\"http:\/\/www.logmedia.at\">LOGMEDIA GmbH<\/a><br \/>\n<a href=\"https:\/\/www.code-massive.com\/\">CodeMassive e.U.<\/a><\/p>\n<\/div>\n<\/div><\/section><\/div>\n<style type=\"text\/css\" data-created_by=\"avia_inline_auto\" id=\"style-css-av-9q3bw-1c9482063cf1286dad0fc0f5c4130464\">\n.flex_column.av-9q3bw-1c9482063cf1286dad0fc0f5c4130464{\nborder-radius:0px 0px 0px 0px;\npadding:0px 0px 0px 0px;\n}\n<\/style>\n<div  class='flex_column av-9q3bw-1c9482063cf1286dad0fc0f5c4130464 av_one_third  avia-builder-el-4  el_after_av_two_third  avia-builder-el-last  flex_column_div av-zero-column-padding  '     ><style type=\"text\/css\" data-created_by=\"avia_inline_auto\" id=\"style-css-av-jrud2opc-8c4e2383a751364f9cf078d76e0e6cd1\">\n.avia-image-container.av-jrud2opc-8c4e2383a751364f9cf078d76e0e6cd1 img.avia_image{\nbox-shadow:none;\n}\n.avia-image-container.av-jrud2opc-8c4e2383a751364f9cf078d76e0e6cd1 .av-image-caption-overlay-center{\ncolor:#ffffff;\n}\n<\/style>\n<div  class='avia-image-container av-jrud2opc-8c4e2383a751364f9cf078d76e0e6cd1 av-styling- av-img-linked avia-align-center  avia-builder-el-5  avia-builder-el-no-sibling  av-has-copyright av-copyright-always'   itemprop=\"image\" itemscope=\"itemscope\" itemtype=\"https:\/\/schema.org\/ImageObject\" ><div class=\"avia-image-container-inner\"><div class=\"avia-image-overlay-wrap\"><a href=\"\/?page_id=330\" class='avia_image '  aria-label='Druck'><img decoding=\"async\" fetchpriority=\"high\" class='wp-image-511957 avia-img-lazy-loading-not-511957 avia_image ' src=\"https:\/\/dia.aau.at\/it\/wp-content\/uploads\/sites\/6\/2020\/07\/Logo_DIA_4c_V2.jpg\" alt='' title='Druck'  height=\"658\" width=\"1163\"  itemprop=\"thumbnailUrl\" srcset=\"https:\/\/dia.aau.at\/it\/wp-content\/uploads\/sites\/6\/2020\/07\/Logo_DIA_4c_V2.jpg 1163w, https:\/\/dia.aau.at\/it\/wp-content\/uploads\/sites\/6\/2020\/07\/Logo_DIA_4c_V2-300x170.jpg 300w, https:\/\/dia.aau.at\/it\/wp-content\/uploads\/sites\/6\/2020\/07\/Logo_DIA_4c_V2-1030x583.jpg 1030w, https:\/\/dia.aau.at\/it\/wp-content\/uploads\/sites\/6\/2020\/07\/Logo_DIA_4c_V2-768x435.jpg 768w, https:\/\/dia.aau.at\/it\/wp-content\/uploads\/sites\/6\/2020\/07\/Logo_DIA_4c_V2-705x399.jpg 705w, https:\/\/dia.aau.at\/it\/wp-content\/uploads\/sites\/6\/2020\/07\/Logo_DIA_4c_V2-600x339.jpg 600w\" sizes=\"(max-width: 1163px) 100vw, 1163px\" \/><\/a><\/div><small class=\"avia-copyright\">\u00a9 Deutsch in \u00d6sterreich. Verein f\u00fcr Fremdsprachenkurse<\/small><\/div><\/div><\/div><\/p>\n","protected":false},"excerpt":{"rendered":"","protected":false},"author":1,"featured_media":0,"parent":0,"menu_order":0,"comment_status":"closed","ping_status":"closed","template":"","meta":{"footnotes":""},"class_list":["post-506506","page","type-page","status-publish","hentry"],"yoast_head":"<!-- This site is optimized with the Yoast SEO plugin v26.7 - https:\/\/yoast.com\/wordpress\/plugins\/seo\/ -->\n<title>Footer \u2013 About Us - Deutsch in \u00d6sterreich - AAU (IT)<\/title>\n<meta name=\"robots\" content=\"index, follow, max-snippet:-1, max-image-preview:large, max-video-preview:-1\" \/>\n<link rel=\"canonical\" href=\"https:\/\/dia.aau.at\/it\/editoriale\/\" \/>\n<meta property=\"og:locale\" content=\"it_IT\" \/>\n<meta property=\"og:type\" content=\"article\" \/>\n<meta property=\"og:title\" content=\"Footer \u2013 About Us - Deutsch in \u00d6sterreich - AAU (IT)\" \/>\n<meta property=\"og:url\" content=\"https:\/\/dia.aau.at\/it\/editoriale\/\" \/>\n<meta property=\"og:site_name\" content=\"Deutsch in \u00d6sterreich - AAU (IT)\" \/>\n<meta property=\"article:modified_time\" content=\"2022-11-18T09:51:11+00:00\" \/>\n<meta name=\"twitter:card\" content=\"summary_large_image\" \/>\n<meta name=\"twitter:label1\" content=\"Tempo di lettura stimato\" \/>\n\t<meta name=\"twitter:data1\" content=\"3 minuti\" \/>\n<script type=\"application\/ld+json\" class=\"yoast-schema-graph\">{\"@context\":\"https:\/\/schema.org\",\"@graph\":[{\"@type\":\"WebPage\",\"@id\":\"https:\/\/dia.aau.at\/it\/editoriale\/\",\"url\":\"https:\/\/dia.aau.at\/it\/editoriale\/\",\"name\":\"Footer \u2013 About Us - Deutsch in \u00d6sterreich - AAU (IT)\",\"isPartOf\":{\"@id\":\"https:\/\/dia.aau.at\/it\/#website\"},\"datePublished\":\"2020-04-11T18:10:17+00:00\",\"dateModified\":\"2022-11-18T09:51:11+00:00\",\"breadcrumb\":{\"@id\":\"https:\/\/dia.aau.at\/it\/editoriale\/#breadcrumb\"},\"inLanguage\":\"it-IT\",\"potentialAction\":[{\"@type\":\"ReadAction\",\"target\":[\"https:\/\/dia.aau.at\/it\/editoriale\/\"]}]},{\"@type\":\"BreadcrumbList\",\"@id\":\"https:\/\/dia.aau.at\/it\/editoriale\/#breadcrumb\",\"itemListElement\":[{\"@type\":\"ListItem\",\"position\":1,\"name\":\"Startseite\",\"item\":\"https:\/\/dia.aau.at\/it\/\"},{\"@type\":\"ListItem\",\"position\":2,\"name\":\"Footer \u2013 About Us\"}]},{\"@type\":\"WebSite\",\"@id\":\"https:\/\/dia.aau.at\/it\/#website\",\"url\":\"https:\/\/dia.aau.at\/it\/\",\"name\":\"Deutsch in \u00d6sterreich - AAU (IT)\",\"description\":\"German and other languages at the University of Klagenfurt\",\"potentialAction\":[{\"@type\":\"SearchAction\",\"target\":{\"@type\":\"EntryPoint\",\"urlTemplate\":\"https:\/\/dia.aau.at\/it\/?s={search_term_string}\"},\"query-input\":{\"@type\":\"PropertyValueSpecification\",\"valueRequired\":true,\"valueName\":\"search_term_string\"}}],\"inLanguage\":\"it-IT\"}]}<\/script>\n<!-- \/ Yoast SEO plugin. -->","yoast_head_json":{"title":"Footer \u2013 About Us - Deutsch in \u00d6sterreich - AAU (IT)","robots":{"index":"index","follow":"follow","max-snippet":"max-snippet:-1","max-image-preview":"max-image-preview:large","max-video-preview":"max-video-preview:-1"},"canonical":"https:\/\/dia.aau.at\/it\/editoriale\/","og_locale":"it_IT","og_type":"article","og_title":"Footer \u2013 About Us - Deutsch in \u00d6sterreich - AAU (IT)","og_url":"https:\/\/dia.aau.at\/it\/editoriale\/","og_site_name":"Deutsch in \u00d6sterreich - AAU (IT)","article_modified_time":"2022-11-18T09:51:11+00:00","twitter_card":"summary_large_image","twitter_misc":{"Tempo di lettura stimato":"3 minuti"},"schema":{"@context":"https:\/\/schema.org","@graph":[{"@type":"WebPage","@id":"https:\/\/dia.aau.at\/it\/editoriale\/","url":"https:\/\/dia.aau.at\/it\/editoriale\/","name":"Footer \u2013 About Us - Deutsch in \u00d6sterreich - AAU (IT)","isPartOf":{"@id":"https:\/\/dia.aau.at\/it\/#website"},"datePublished":"2020-04-11T18:10:17+00:00","dateModified":"2022-11-18T09:51:11+00:00","breadcrumb":{"@id":"https:\/\/dia.aau.at\/it\/editoriale\/#breadcrumb"},"inLanguage":"it-IT","potentialAction":[{"@type":"ReadAction","target":["https:\/\/dia.aau.at\/it\/editoriale\/"]}]},{"@type":"BreadcrumbList","@id":"https:\/\/dia.aau.at\/it\/editoriale\/#breadcrumb","itemListElement":[{"@type":"ListItem","position":1,"name":"Startseite","item":"https:\/\/dia.aau.at\/it\/"},{"@type":"ListItem","position":2,"name":"Footer \u2013 About Us"}]},{"@type":"WebSite","@id":"https:\/\/dia.aau.at\/it\/#website","url":"https:\/\/dia.aau.at\/it\/","name":"Deutsch in \u00d6sterreich - AAU (IT)","description":"German and other languages at the University of Klagenfurt","potentialAction":[{"@type":"SearchAction","target":{"@type":"EntryPoint","urlTemplate":"https:\/\/dia.aau.at\/it\/?s={search_term_string}"},"query-input":{"@type":"PropertyValueSpecification","valueRequired":true,"valueName":"search_term_string"}}],"inLanguage":"it-IT"}]}},"_links":{"self":[{"href":"https:\/\/dia.aau.at\/it\/wp-json\/wp\/v2\/pages\/506506","targetHints":{"allow":["GET"]}}],"collection":[{"href":"https:\/\/dia.aau.at\/it\/wp-json\/wp\/v2\/pages"}],"about":[{"href":"https:\/\/dia.aau.at\/it\/wp-json\/wp\/v2\/types\/page"}],"author":[{"embeddable":true,"href":"https:\/\/dia.aau.at\/it\/wp-json\/wp\/v2\/users\/1"}],"replies":[{"embeddable":true,"href":"https:\/\/dia.aau.at\/it\/wp-json\/wp\/v2\/comments?post=506506"}],"version-history":[{"count":11,"href":"https:\/\/dia.aau.at\/it\/wp-json\/wp\/v2\/pages\/506506\/revisions"}],"predecessor-version":[{"id":518624,"href":"https:\/\/dia.aau.at\/it\/wp-json\/wp\/v2\/pages\/506506\/revisions\/518624"}],"wp:attachment":[{"href":"https:\/\/dia.aau.at\/it\/wp-json\/wp\/v2\/media?parent=506506"}],"curies":[{"name":"wp","href":"https:\/\/api.w.org\/{rel}","templated":true}]}}